{"id":9,"date":"2024-07-11T22:52:00","date_gmt":"2024-07-11T20:52:00","guid":{"rendered":"https:\/\/rlb-creative-design.com\/?page_id=9"},"modified":"2024-07-18T19:22:17","modified_gmt":"2024-07-18T17:22:17","slug":"accueil","status":"publish","type":"page","link":"https:\/\/rlb-creative-design.com\/","title":{"rendered":"Accueil"},"content":{"rendered":"<p>[et_pb_section fb_built=&#8221;1&#8243; admin_label=&#8221;Hero&#8221; _builder_version=&#8221;4.26.0&#8243; _module_preset=&#8221;_module_preset=&#8221; use_background_color_gradient=&#8221;on&#8221; background_color_gradient_direction=&#8221;-82deg&#8221; background_color_gradient_stops=&#8221;#123268 0%|#000000 100%&#8221; background_image=&#8221;http:\/\/rlb-creative-design.com\/wp-content\/uploads\/2024\/07\/6f8191db-a9a7-4639-a9c0-7407c66193f2_out-1632&#215;1024.jpg&#8221; background_blend=&#8221;soft-light&#8221; custom_padding=&#8221;8vw||8vw||true|false&#8221; locked=&#8221;off&#8221; collapsed=&#8221;on&#8221; global_colors_info=&#8221;{}&#8221;][et_pb_row column_structure=&#8221;2_3,1_3&#8243; _builder_version=&#8221;4.18.0&#8243; _module_preset=&#8221;5138c454-be54-4233-bd3b-f8e6a8747976&#8243; locked=&#8221;off&#8221; global_colors_info=&#8221;{}&#8221;][et_pb_column type=&#8221;2_3&#8243; _builder_version=&#8221;4.16&#8243; _module_preset=&#8221;73121f80-a3ef-4484-8763-c3f18e3c56d2&#8243; global_colors_info=&#8221;{}&#8221;][et_pb_heading title=&#8221;Innovations en R\u00e9alit\u00e9 Virtuelle&#8221; _builder_version=&#8221;4.24.3&#8243; _module_preset=&#8221;f0c675ea-2574-4d0e-b725-30f8550a8550&#8243; title_text_color=&#8221;#FFFFFF&#8221; locked=&#8221;off&#8221; global_colors_info=&#8221;{}&#8221;][\/et_pb_heading][et_pb_heading title=&#8221;Transformez Votre Monde avec RLB Creative Design&#8221; _builder_version=&#8221;4.24.2&#8243; _module_preset=&#8221;ddeb8c09-9078-4424-bc15-2efb6572e28e&#8221; title_text_color=&#8221;#FFFFFF&#8221; locked=&#8221;off&#8221; global_colors_info=&#8221;{}&#8221;][\/et_pb_heading][et_pb_text _builder_version=&#8221;4.24.2&#8243; _module_preset=&#8221;0504de1e-f5ff-4281-ba60-cbbe4edf98bc&#8221; locked=&#8221;off&#8221; global_colors_info=&#8221;{%22gcid-primary-color%22:%91%22link_text_color%22%93,%22gcid-heading-color%22:%91%22header_text_color%22,%22header_4_text_color%22,%22header_3_text_color%22,%22header_2_text_color%22,%22header_5_text_color%22,%22header_6_text_color%22%93,%22gcid-secondary-color%22:%91%22quote_border_color%22%93}&#8221;]<\/p>\n<p>D\u00e9couvrez comment nos solutions en VR et R\u00e9alit\u00e9 Augment\u00e9e r\u00e9volutionnent les secteurs industriel, de la sant\u00e9, de la pr\u00e9vention des risques et de la formation professionnelle.<\/p>\n<p>[\/et_pb_text][et_pb_button button_url=&#8221;https:\/\/rlb-creative-design.com\/index.php\/services\/&#8221; button_text=&#8221;En Savoir Plus&#8221; _builder_version=&#8221;4.26.0&#8243; _module_preset=&#8221;ab15fb74-61a3-43aa-96b3-41e09aeef654&#8243; locked=&#8221;off&#8221; global_colors_info=&#8221;{}&#8221;][\/et_pb_button][\/et_pb_column][et_pb_column type=&#8221;1_3&#8243; _builder_version=&#8221;4.16&#8243; _module_preset=&#8221;73121f80-a3ef-4484-8763-c3f18e3c56d2&#8243; global_colors_info=&#8221;{}&#8221;][\/et_pb_column][\/et_pb_row][\/et_pb_section][et_pb_section fb_built=&#8221;1&#8243; admin_label=&#8221;Text &#038; Image&#8221; _builder_version=&#8221;4.18.0&#8243; _module_preset=&#8221;default&#8221; locked=&#8221;off&#8221; collapsed=&#8221;on&#8221; global_colors_info=&#8221;{}&#8221;][et_pb_row _builder_version=&#8221;4.18.0&#8243; _module_preset=&#8221;5138c454-be54-4233-bd3b-f8e6a8747976&#8243; global_colors_info=&#8221;{}&#8221;][et_pb_column type=&#8221;4_4&#8243; _builder_version=&#8221;4.16&#8243; _module_preset=&#8221;73121f80-a3ef-4484-8763-c3f18e3c56d2&#8243; global_colors_info=&#8221;{}&#8221;][et_pb_heading title=&#8221;Nos Services en VR et AR&#8221; _builder_version=&#8221;4.24.3&#8243; _module_preset=&#8221;c33f07d9-41e0-421a-8799-5799df695cce&#8221; title_text_align=&#8221;center&#8221; locked=&#8221;off&#8221; global_colors_info=&#8221;{}&#8221;][\/et_pb_heading][et_pb_image src=&#8221;http:\/\/rlb-creative-design.com\/wp-content\/uploads\/2024\/07\/Developpement-dapplication-VR-RLB-Creative-Design.jpg&#8221; title_text=&#8221;D\u00e9veloppement d&#8217;application VR RLB Creative Design&#8221; _builder_version=&#8221;4.27.0&#8243; _module_preset=&#8221;6ed8fd5c-62c5-4100-98c3-7b8b6d2c2ee6&#8243; hover_enabled=&#8221;0&#8243; global_colors_info=&#8221;{}&#8221; alt=&#8221;D\u00e9veloppement d&#8217;application VR RLB Creative Design&#8221; sticky_enabled=&#8221;0&#8243;][\/et_pb_image][et_pb_text _builder_version=&#8221;4.24.3&#8243; _module_preset=&#8221;2c55a9c4-feed-423b-9edb-ae0b5b365cac&#8221; text_orientation=&#8221;center&#8221; locked=&#8221;off&#8221; global_colors_info=&#8221;{}&#8221;]<\/p>\n<p>Chez RLB Creative Design, nous cr\u00e9ons des applications immersives en VR et R\u00e9alit\u00e9 Augment\u00e9e qui r\u00e9pondent aux besoins sp\u00e9cifiques des industries. Que ce soit pour la formation professionnelle, la pr\u00e9vention des risques ou des solutions de sant\u00e9 innovantes, notre expertise vous garantit des r\u00e9sultats exceptionnels.<\/p>\n<p>[\/et_pb_text][\/et_pb_column][\/et_pb_row][\/et_pb_section][et_pb_section fb_built=&#8221;1&#8243; admin_label=&#8221;Services&#8221; _builder_version=&#8221;4.23.1&#8243; _module_preset=&#8221;default&#8221; locked=&#8221;off&#8221; collapsed=&#8221;on&#8221; global_colors_info=&#8221;{}&#8221;][et_pb_row column_structure=&#8221;1_3,1_3,1_3&#8243; _builder_version=&#8221;4.18.0&#8243; _module_preset=&#8221;5138c454-be54-4233-bd3b-f8e6a8747976&#8243; global_colors_info=&#8221;{}&#8221;][et_pb_column type=&#8221;1_3&#8243; _builder_version=&#8221;4.16&#8243; _module_preset=&#8221;73121f80-a3ef-4484-8763-c3f18e3c56d2&#8243; global_colors_info=&#8221;{}&#8221;][et_pb_heading title=&#8221;Nos Services&#8221; _builder_version=&#8221;4.24.3&#8243; _module_preset=&#8221;ba4a6336-701f-47b8-bf5c-09da0ce28016&#8243; title_level=&#8221;h2&#8243; locked=&#8221;off&#8221; global_colors_info=&#8221;{}&#8221;][\/et_pb_heading][et_pb_button button_url=&#8221;https:\/\/rlb-creative-design.com\/index.php\/contact\/&#8221; button_text=&#8221;Contactez-Nous&#8221; _builder_version=&#8221;4.26.0&#8243; _module_preset=&#8221;1bffc0fc-42a0-49d1-bd9a-ae3ade2d7206&#8243; locked=&#8221;off&#8221; global_colors_info=&#8221;{}&#8221;][\/et_pb_button][\/et_pb_column][et_pb_column type=&#8221;1_3&#8243; _builder_version=&#8221;4.16&#8243; _module_preset=&#8221;73121f80-a3ef-4484-8763-c3f18e3c56d2&#8243; global_colors_info=&#8221;{}&#8221;][et_pb_blurb title=&#8221;D\u00e9veloppement d&#8217;Applications VR&#8221; use_icon=&#8221;on&#8221; font_icon=&#8221;&#xf590;||fa||900&#8243; _builder_version=&#8221;4.24.3&#8243; _module_preset=&#8221;65059203-12d3-44f6-8371-3f5cf61a0475&#8243; locked=&#8221;off&#8221; global_colors_info=&#8221;{}&#8221;]<\/p>\n<p>Nous concevons des applications VR immersives pour am\u00e9liorer les processus industriels et la formation.<\/p>\n<p>[\/et_pb_blurb][et_pb_blurb title=&#8221;Solutions de R\u00e9alit\u00e9 Augment\u00e9e&#8221; use_icon=&#8221;on&#8221; font_icon=&#8221;&#xf0a9;||fa||900&#8243; _builder_version=&#8221;4.24.3&#8243; _module_preset=&#8221;65059203-12d3-44f6-8371-3f5cf61a0475&#8243; locked=&#8221;off&#8221; global_colors_info=&#8221;{}&#8221;]<\/p>\n<p>Nos solutions AR permettent une interaction enrichie avec le monde r\u00e9el, id\u00e9ale pour la maintenance et la formation.<\/p>\n<p>[\/et_pb_blurb][\/et_pb_column][et_pb_column type=&#8221;1_3&#8243; _builder_version=&#8221;4.16&#8243; _module_preset=&#8221;73121f80-a3ef-4484-8763-c3f18e3c56d2&#8243; global_colors_info=&#8221;{}&#8221;][et_pb_blurb title=&#8221;Formation Professionnelle&#8221; use_icon=&#8221;on&#8221; font_icon=&#8221;&#xf0a9;||fa||900&#8243; _builder_version=&#8221;4.24.3&#8243; _module_preset=&#8221;65059203-12d3-44f6-8371-3f5cf61a0475&#8243; locked=&#8221;off&#8221; global_colors_info=&#8221;{}&#8221;]<\/p>\n<p>Des programmes de formation en VR pour une exp\u00e9rience d&#8217;apprentissage immersive et efficace.<\/p>\n<p>[\/et_pb_blurb][et_pb_blurb title=&#8221;Pr\u00e9vention des Risques&#8221; use_icon=&#8221;on&#8221; font_icon=&#8221;&#xf0a9;||fa||900&#8243; _builder_version=&#8221;4.24.3&#8243; _module_preset=&#8221;65059203-12d3-44f6-8371-3f5cf61a0475&#8243; locked=&#8221;off&#8221; global_colors_info=&#8221;{}&#8221;]<\/p>\n<p>Utilisez la VR pour simuler des situations \u00e0 risque et former vos \u00e9quipes en toute s\u00e9curit\u00e9.<\/p>\n<p>[\/et_pb_blurb][\/et_pb_column][\/et_pb_row][\/et_pb_section][et_pb_section fb_built=&#8221;1&#8243; fullwidth=&#8221;on&#8221; admin_label=&#8221;Portfolio&#8221; _builder_version=&#8221;4.26.1&#8243; _module_preset=&#8221;default&#8221; module_alignment=&#8221;center&#8221; collapsed=&#8221;on&#8221; global_colors_info=&#8221;{}&#8221;][et_pb_fullwidth_portfolio title=&#8221;Nos R\u00e9alisations&#8221; include_categories=&#8221;,all,current&#8221; show_date=&#8221;off&#8221; zoom_icon_color=&#8221;#000000&#8243; hover_overlay_color=&#8221;rgba(255,255,255,0.82)&#8221; hover_icon=&#8221;&#x49;||divi||400&#8243; _builder_version=&#8221;4.26.1&#8243; _module_preset=&#8221;ded4908f-62fd-41da-af96-d15d6f2d55ee&#8221; global_colors_info=&#8221;{%22gcid-7cadd8b3-5228-48e4-90c4-212d09232f7b%22:%91%22text_text_color%22,%22header_text_color%22%93,%22gcid-f2943306-fa6c-45f0-b632-5fc00151366a%22:%91%22link_text_color%22,%22read_more_text_color%22,%22meta_text_color%22%93,%22gcid-heading-color%22:%91%22header_2_text_color%22,%22header_text_color%22,%22header_3_text_color%22,%22header_4_text_color%22,%22header_5_text_color%22,%22header_6_text_color%22,%22quote_text_color%22%93,%22gcid-body-color%22:%91%22text_text_color%22%93,%22gcid-primary-color%22:%91%22link_text_color%22,%22caption_text_color%22%93,%22gcid-secondary-color%22:%91%22quote_border_color%22,%22sale_badge_color%22,%22pagination_text_color%22%93}&#8221;][\/et_pb_fullwidth_portfolio][\/et_pb_section][et_pb_section fb_built=&#8221;1&#8243; admin_label=&#8221;Call to Action&#8221; _builder_version=&#8221;4.24.2&#8243; _module_preset=&#8221;default&#8221; background_color=&#8221;gcid-primary-color&#8221; custom_padding=&#8221;10px||10px||true|false&#8221; locked=&#8221;off&#8221; collapsed=&#8221;on&#8221; global_colors_info=&#8221;{%22gcid-primary-color%22:%91%22background_color%22%93}&#8221;][et_pb_row column_structure=&#8221;2_3,1_3&#8243; _builder_version=&#8221;4.24.2&#8243; _module_preset=&#8221;5138c454-be54-4233-bd3b-f8e6a8747976&#8243; global_colors_info=&#8221;{}&#8221;][et_pb_column type=&#8221;2_3&#8243; _builder_version=&#8221;4.18.0&#8243; _module_preset=&#8221;73121f80-a3ef-4484-8763-c3f18e3c56d2&#8243; global_colors_info=&#8221;{}&#8221;][et_pb_blurb title=&#8221;D\u00e9couvrez Nos Services&#8221; use_icon=&#8221;on&#8221; font_icon=&#8221;&#xf7a2;||fa||900&#8243; _builder_version=&#8221;4.24.3&#8243; _module_preset=&#8221;ca79a742-981f-479f-a8a2-3a0292efaff0&#8243; global_colors_info=&#8221;{%22gcid-f2943306-fa6c-45f0-b632-5fc00151366a%22:%91%22button_text_color%22%93,%22gcid-36fd78a7-34bc-404d-873c-dafa34efaae5%22:%91%22button_text_color%22%93}&#8221;]<\/p>\n<p>Explorez notre expertise en d\u00e9veloppement d&#8217;applications en VR et R\u00e9alit\u00e9 augment\u00e9e. Nos solutions innovantes sont con\u00e7ues pour transformer les secteurs industriel, de la sant\u00e9, de la pr\u00e9vention des risques et de la formation professionnelle.<\/p>\n<p>[\/et_pb_blurb][\/et_pb_column][et_pb_column type=&#8221;1_3&#8243; _builder_version=&#8221;4.18.0&#8243; _module_preset=&#8221;73121f80-a3ef-4484-8763-c3f18e3c56d2&#8243; global_colors_info=&#8221;{}&#8221;][et_pb_button button_url=&#8221;https:\/\/rlb-creative-design.com\/index.php\/services\/&#8221; button_text=&#8221;En savoir plus&#8221; button_alignment=&#8221;right&#8221; button_alignment_tablet=&#8221;left&#8221; button_alignment_phone=&#8221;left&#8221; button_alignment_last_edited=&#8221;on|tablet&#8221; _builder_version=&#8221;4.26.0&#8243; _module_preset=&#8221;ab15fb74-61a3-43aa-96b3-41e09aeef654&#8243; button_text_color=&#8221;gcid-secondary-color&#8221; locked=&#8221;off&#8221; global_colors_info=&#8221;{%22gcid-secondary-color%22:%91%22button_text_color%22%93}&#8221;][\/et_pb_button][\/et_pb_column][\/et_pb_row][\/et_pb_section]<\/p>\n","protected":false},"excerpt":{"rendered":"<p>D\u00e9couvrez comment nos solutions en VR et R\u00e9alit\u00e9 Augment\u00e9e r\u00e9volutionnent les secteurs industriel, de la sant\u00e9, de la pr\u00e9vention des risques et de la formation professionnelle.Chez RLB Creative Design, nous cr\u00e9ons des applications immersives en VR et R\u00e9alit\u00e9 Augment\u00e9e qui r\u00e9pondent aux besoins sp\u00e9cifiques des industries. Que ce soit pour la formation professionnelle, la pr\u00e9vention [&hellip;]<\/p>\n","protected":false},"author":1,"featured_media":0,"parent":0,"menu_order":0,"comment_status":"closed","ping_status":"closed","template":"","meta":{"_et_pb_use_builder":"on","_et_pb_old_content":"","_et_gb_content_width":"","footnotes":""},"class_list":["post-9","page","type-page","status-publish","hentry"],"yoast_head":"<!-- This site is optimized with the Yoast SEO plugin v27.3 - https:\/\/yoast.com\/product\/yoast-seo-wordpress\/ -->\n<title>Accueil - RLB Creative Design<\/title>\n<meta name=\"robots\" content=\"index, follow, max-snippet:-1, max-image-preview:large, max-video-preview:-1\" \/>\n<link rel=\"canonical\" href=\"http:\/\/rlb-creative-design.com\/\" \/>\n<meta property=\"og:locale\" content=\"en_US\" \/>\n<meta property=\"og:type\" content=\"article\" \/>\n<meta property=\"og:title\" content=\"Accueil - RLB Creative Design\" \/>\n<meta property=\"og:description\" content=\"D\u00e9couvrez comment nos solutions en VR et R\u00e9alit\u00e9 Augment\u00e9e r\u00e9volutionnent les secteurs industriel, de la sant\u00e9, de la pr\u00e9vention des risques et de la formation professionnelle.Chez RLB Creative Design, nous cr\u00e9ons des applications immersives en VR et R\u00e9alit\u00e9 Augment\u00e9e qui r\u00e9pondent aux besoins sp\u00e9cifiques des industries. Que ce soit pour la formation professionnelle, la pr\u00e9vention [&hellip;]\" \/>\n<meta property=\"og:url\" content=\"http:\/\/rlb-creative-design.com\/\" \/>\n<meta property=\"og:site_name\" content=\"RLB Creative Design\" \/>\n<meta property=\"article:publisher\" content=\"https:\/\/www.facebook.com\/rlbcreativedesign\" \/>\n<meta property=\"article:modified_time\" content=\"2024-07-18T17:22:17+00:00\" \/>\n<meta name=\"twitter:card\" content=\"summary_large_image\" \/>\n<meta name=\"twitter:site\" content=\"@RLBCD\" \/>\n<meta name=\"twitter:label1\" content=\"Est. reading time\" \/>\n\t<meta name=\"twitter:data1\" content=\"7 minutes\" \/>\n<script type=\"application\/ld+json\" class=\"yoast-schema-graph\">{\"@context\":\"https:\\\/\\\/schema.org\",\"@graph\":[{\"@type\":\"WebPage\",\"@id\":\"http:\\\/\\\/rlb-creative-design.com\\\/\",\"url\":\"http:\\\/\\\/rlb-creative-design.com\\\/\",\"name\":\"Accueil - RLB Creative Design\",\"isPartOf\":{\"@id\":\"http:\\\/\\\/rlb-creative-design.com\\\/#website\"},\"datePublished\":\"2024-07-11T20:52:00+00:00\",\"dateModified\":\"2024-07-18T17:22:17+00:00\",\"breadcrumb\":{\"@id\":\"http:\\\/\\\/rlb-creative-design.com\\\/#breadcrumb\"},\"inLanguage\":\"en-US\",\"potentialAction\":[{\"@type\":\"ReadAction\",\"target\":[\"http:\\\/\\\/rlb-creative-design.com\\\/\"]}]},{\"@type\":\"BreadcrumbList\",\"@id\":\"http:\\\/\\\/rlb-creative-design.com\\\/#breadcrumb\",\"itemListElement\":[{\"@type\":\"ListItem\",\"position\":1,\"name\":\"Accueil\",\"item\":\"http:\\\/\\\/rlb-creative-design.com\\\/\"},{\"@type\":\"ListItem\",\"position\":2,\"name\":\"Accueil\"}]},{\"@type\":\"WebSite\",\"@id\":\"http:\\\/\\\/rlb-creative-design.com\\\/#website\",\"url\":\"http:\\\/\\\/rlb-creative-design.com\\\/\",\"name\":\"RLB Creative Design\",\"description\":\"VR ou R\u00e9alit\u00e9 Virtuelle, 3D et d\u00e9veloppement d&#039;applications de formation pour le secteur industriel\",\"publisher\":{\"@id\":\"http:\\\/\\\/rlb-creative-design.com\\\/#organization\"},\"potentialAction\":[{\"@type\":\"SearchAction\",\"target\":{\"@type\":\"EntryPoint\",\"urlTemplate\":\"http:\\\/\\\/rlb-creative-design.com\\\/?s={search_term_string}\"},\"query-input\":{\"@type\":\"PropertyValueSpecification\",\"valueRequired\":true,\"valueName\":\"search_term_string\"}}],\"inLanguage\":\"en-US\"},{\"@type\":\"Organization\",\"@id\":\"http:\\\/\\\/rlb-creative-design.com\\\/#organization\",\"name\":\"RLB Creative Design\",\"url\":\"http:\\\/\\\/rlb-creative-design.com\\\/\",\"logo\":{\"@type\":\"ImageObject\",\"inLanguage\":\"en-US\",\"@id\":\"http:\\\/\\\/rlb-creative-design.com\\\/#\\\/schema\\\/logo\\\/image\\\/\",\"url\":\"http:\\\/\\\/rlb-creative-design.com\\\/wp-content\\\/uploads\\\/2024\\\/07\\\/Logo-RLB.jpg\",\"contentUrl\":\"http:\\\/\\\/rlb-creative-design.com\\\/wp-content\\\/uploads\\\/2024\\\/07\\\/Logo-RLB.jpg\",\"width\":763,\"height\":763,\"caption\":\"RLB Creative Design\"},\"image\":{\"@id\":\"http:\\\/\\\/rlb-creative-design.com\\\/#\\\/schema\\\/logo\\\/image\\\/\"},\"sameAs\":[\"https:\\\/\\\/www.facebook.com\\\/rlbcreativedesign\",\"https:\\\/\\\/x.com\\\/RLBCD\"]}]}<\/script>\n<!-- \/ Yoast SEO plugin. -->","yoast_head_json":{"title":"Accueil - RLB Creative Design","robots":{"index":"index","follow":"follow","max-snippet":"max-snippet:-1","max-image-preview":"max-image-preview:large","max-video-preview":"max-video-preview:-1"},"canonical":"http:\/\/rlb-creative-design.com\/","og_locale":"en_US","og_type":"article","og_title":"Accueil - RLB Creative Design","og_description":"D\u00e9couvrez comment nos solutions en VR et R\u00e9alit\u00e9 Augment\u00e9e r\u00e9volutionnent les secteurs industriel, de la sant\u00e9, de la pr\u00e9vention des risques et de la formation professionnelle.Chez RLB Creative Design, nous cr\u00e9ons des applications immersives en VR et R\u00e9alit\u00e9 Augment\u00e9e qui r\u00e9pondent aux besoins sp\u00e9cifiques des industries. Que ce soit pour la formation professionnelle, la pr\u00e9vention [&hellip;]","og_url":"http:\/\/rlb-creative-design.com\/","og_site_name":"RLB Creative Design","article_publisher":"https:\/\/www.facebook.com\/rlbcreativedesign","article_modified_time":"2024-07-18T17:22:17+00:00","twitter_card":"summary_large_image","twitter_site":"@RLBCD","twitter_misc":{"Est. reading time":"7 minutes"},"schema":{"@context":"https:\/\/schema.org","@graph":[{"@type":"WebPage","@id":"http:\/\/rlb-creative-design.com\/","url":"http:\/\/rlb-creative-design.com\/","name":"Accueil - RLB Creative Design","isPartOf":{"@id":"http:\/\/rlb-creative-design.com\/#website"},"datePublished":"2024-07-11T20:52:00+00:00","dateModified":"2024-07-18T17:22:17+00:00","breadcrumb":{"@id":"http:\/\/rlb-creative-design.com\/#breadcrumb"},"inLanguage":"en-US","potentialAction":[{"@type":"ReadAction","target":["http:\/\/rlb-creative-design.com\/"]}]},{"@type":"BreadcrumbList","@id":"http:\/\/rlb-creative-design.com\/#breadcrumb","itemListElement":[{"@type":"ListItem","position":1,"name":"Accueil","item":"http:\/\/rlb-creative-design.com\/"},{"@type":"ListItem","position":2,"name":"Accueil"}]},{"@type":"WebSite","@id":"http:\/\/rlb-creative-design.com\/#website","url":"http:\/\/rlb-creative-design.com\/","name":"RLB Creative Design","description":"VR ou R\u00e9alit\u00e9 Virtuelle, 3D et d\u00e9veloppement d&#039;applications de formation pour le secteur industriel","publisher":{"@id":"http:\/\/rlb-creative-design.com\/#organization"},"potentialAction":[{"@type":"SearchAction","target":{"@type":"EntryPoint","urlTemplate":"http:\/\/rlb-creative-design.com\/?s={search_term_string}"},"query-input":{"@type":"PropertyValueSpecification","valueRequired":true,"valueName":"search_term_string"}}],"inLanguage":"en-US"},{"@type":"Organization","@id":"http:\/\/rlb-creative-design.com\/#organization","name":"RLB Creative Design","url":"http:\/\/rlb-creative-design.com\/","logo":{"@type":"ImageObject","inLanguage":"en-US","@id":"http:\/\/rlb-creative-design.com\/#\/schema\/logo\/image\/","url":"http:\/\/rlb-creative-design.com\/wp-content\/uploads\/2024\/07\/Logo-RLB.jpg","contentUrl":"http:\/\/rlb-creative-design.com\/wp-content\/uploads\/2024\/07\/Logo-RLB.jpg","width":763,"height":763,"caption":"RLB Creative Design"},"image":{"@id":"http:\/\/rlb-creative-design.com\/#\/schema\/logo\/image\/"},"sameAs":["https:\/\/www.facebook.com\/rlbcreativedesign","https:\/\/x.com\/RLBCD"]}]}},"_links":{"self":[{"href":"https:\/\/rlb-creative-design.com\/index.php\/wp-json\/wp\/v2\/pages\/9","targetHints":{"allow":["GET"]}}],"collection":[{"href":"https:\/\/rlb-creative-design.com\/index.php\/wp-json\/wp\/v2\/pages"}],"about":[{"href":"https:\/\/rlb-creative-design.com\/index.php\/wp-json\/wp\/v2\/types\/page"}],"author":[{"embeddable":true,"href":"https:\/\/rlb-creative-design.com\/index.php\/wp-json\/wp\/v2\/users\/1"}],"replies":[{"embeddable":true,"href":"https:\/\/rlb-creative-design.com\/index.php\/wp-json\/wp\/v2\/comments?post=9"}],"version-history":[{"count":14,"href":"https:\/\/rlb-creative-design.com\/index.php\/wp-json\/wp\/v2\/pages\/9\/revisions"}],"predecessor-version":[{"id":266,"href":"https:\/\/rlb-creative-design.com\/index.php\/wp-json\/wp\/v2\/pages\/9\/revisions\/266"}],"wp:attachment":[{"href":"https:\/\/rlb-creative-design.com\/index.php\/wp-json\/wp\/v2\/media?parent=9"}],"curies":[{"name":"wp","href":"https:\/\/api.w.org\/{rel}","templated":true}]}}